{"id":44293,"date":"2024-11-07T16:20:54","date_gmt":"2024-11-07T15:20:54","guid":{"rendered":"https:\/\/dev.onesolutions.io\/politique-de-confidentialite\/"},"modified":"2025-08-13T09:12:13","modified_gmt":"2025-08-13T07:12:13","slug":"politique-de-confidentialite","status":"publish","type":"page","link":"https:\/\/onesolutions.io\/fr-ch\/politique-de-confidentialite\/","title":{"rendered":"Politique de Confidentialit\u00e9"},"content":{"rendered":"\t\t<div data-elementor-type=\"wp-page\" data-elementor-id=\"44293\" class=\"elementor elementor-44293 elementor-39471\" data-elementor-post-type=\"page\">\n\t\t\t\t<div class=\"elementor-element elementor-element-33ca6161 e-flex e-con-boxed e-con e-parent\" data-id=\"33ca6161\" data-element_type=\"container\" data-e-type=\"container\">\n\t\t\t\t\t<div class=\"e-con-inner\">\n\t\t\t\t\t<\/div>\n\t\t\t\t<\/div>\n\t\t<div class=\"elementor-element elementor-element-697d3a74 e-con-full e-flex e-con e-parent\" data-id=\"697d3a74\" data-element_type=\"container\" data-e-type=\"container\">\n\t\t<div class=\"elementor-element elementor-element-2400bcd2 e-flex e-con-boxed e-con e-child\" data-id=\"2400bcd2\" data-element_type=\"container\" data-e-type=\"container\" data-settings=\"{&quot;background_background&quot;:&quot;classic&quot;,&quot;motion_fx_motion_fx_scrolling&quot;:&quot;yes&quot;,&quot;motion_fx_devices&quot;:[&quot;desktop&quot;,&quot;tablet&quot;,&quot;mobile&quot;]}\">\n\t\t\t\t\t<div class=\"e-con-inner\">\n\t\t<div class=\"elementor-element elementor-element-77a1e986 e-con-full clasick-text e-flex e-con e-child\" data-id=\"77a1e986\" data-element_type=\"container\" data-e-type=\"container\" data-settings=\"{&quot;background_background&quot;:&quot;classic&quot;,&quot;motion_fx_motion_fx_scrolling&quot;:&quot;yes&quot;,&quot;motion_fx_devices&quot;:[&quot;desktop&quot;,&quot;tablet&quot;,&quot;mobile&quot;]}\">\n\t\t<div class=\"elementor-element elementor-element-67cd6b35 e-con-full e-flex e-con e-child\" data-id=\"67cd6b35\" data-element_type=\"container\" data-e-type=\"container\" data-settings=\"{&quot;background_background&quot;:&quot;classic&quot;,&quot;motion_fx_motion_fx_scrolling&quot;:&quot;yes&quot;,&quot;motion_fx_devices&quot;:[&quot;desktop&quot;,&quot;tablet&quot;,&quot;mobile&quot;]}\">\n\t\t\t\t<div class=\"elementor-element elementor-element-28f48a0c elementor-widget elementor-widget-heading\" data-id=\"28f48a0c\" data-element_type=\"widget\" data-e-type=\"widget\" data-widget_type=\"heading.default\">\n\t\t\t\t<div class=\"elementor-widget-container\">\n\t\t\t\t\t<h1 class=\"elementor-heading-title elementor-size-default\">Politique de Confidentialit\u00e9<\/h1>\t\t\t\t<\/div>\n\t\t\t\t<\/div>\n\t\t\t\t<div class=\"elementor-element elementor-element-70886d2e elementor-widget elementor-widget-heading\" data-id=\"70886d2e\" data-element_type=\"widget\" data-e-type=\"widget\" data-widget_type=\"heading.default\">\n\t\t\t\t<div class=\"elementor-widget-container\">\n\t\t\t\t\t<p class=\"elementor-heading-title elementor-size-default\">Date of last update: 13\/01\/2025<\/p>\t\t\t\t<\/div>\n\t\t\t\t<\/div>\n\t\t\t\t<div class=\"elementor-element elementor-element-34cdd08 elementor-widget elementor-widget-text-editor\" data-id=\"34cdd08\" data-element_type=\"widget\" data-e-type=\"widget\" data-widget_type=\"text-editor.default\">\n\t\t\t\t<div class=\"elementor-widget-container\">\n\t\t\t\t\t\t\t\t\t<p>Bienvenue sur le site de OneSolutions. La protection de vos donn\u00e9es personnelles est essentielle pour nous, et nous nous engageons \u00e0 les traiter en toute transparence et conform\u00e9ment aux lois en vigueur, y compris le R\u00e8glement G\u00e9n\u00e9ral sur la Protection des Donn\u00e9es (RGPD) et la Loi F\u00e9d\u00e9rale sur la Protection des Donn\u00e9es (LPD) en Suisse. Cette politique de confidentialit\u00e9 a pour but de vous informer sur la collecte, l\u2019utilisation et le stockage de vos donn\u00e9es personnelles lors de votre visite sur notre site onesolutions.io.<\/p>\t\t\t\t\t\t\t\t<\/div>\n\t\t\t\t<\/div>\n\t\t\t\t<\/div>\n\t\t\t\t<div class=\"elementor-element elementor-element-3eba6214 elementor-widget elementor-widget-text-editor\" data-id=\"3eba6214\" data-element_type=\"widget\" data-e-type=\"widget\" data-widget_type=\"text-editor.default\">\n\t\t\t\t<div class=\"elementor-widget-container\">\n\t\t\t\t\t\t\t\t\t<h2>1. Qui sommes-nous?<\/h2><p>OneSolutions, soci\u00e9t\u00e9 sp\u00e9cialis\u00e9e dans l\u2019impl\u00e9mentation de logiciels multiservices, a pour adresse :<br \/>Route de Pra de Plan 18<br \/>CH-1618 Ch\u00e2tel-St-Denis, Suisse<br \/>Adresse du site Web : onesolutions.io<\/p><h2>2. Utilisation des donn\u00e9es personnelles collect\u00e9es<\/h2><p>OneSolutions collecte et utilise les donn\u00e9es personnelles suivantes pour r\u00e9pondre \u00e0 vos demandes de contact et d\u2019information :<\/p><ul><li>Adresse e-mail<\/li><li>Pr\u00e9nom et nom de famille<\/li><li>Nom de l\u2019entreprise<\/li><li>Num\u00e9ro de t\u00e9l\u00e9phone<\/li><\/ul><p>Ces donn\u00e9es sont recueillies uniquement \u00e0 des fins de traitement de vos demandes et ne seront jamais c\u00e9d\u00e9es ou vendues \u00e0 des tiers sans votre consentement explicite. Elles sont destin\u00e9es \u00e0 l\u2019usage exclusif de OneSolutions.<\/p><h2>3. Commentaires<\/h2><p>Lorsque vous laissez un commentaire sur notre site, nous collectons les donn\u00e9es du formulaire de commentaire, votre adresse IP et les informations de votre navigateur pour nous aider \u00e0 d\u00e9tecter les commentaires ind\u00e9sirables. Une cha\u00eene anonymis\u00e9e de votre adresse e-mail (hash) peut \u00eatre envoy\u00e9e au service Gravatar pour v\u00e9rifier si vous utilisez ce dernier. Les clauses de confidentialit\u00e9 de Gravatar sont disponibles ici: https:\/\/automattic.com\/privacy. Apr\u00e8s validation, votre photo de profil sera visible publiquement \u00e0 c\u00f4t\u00e9 de votre commentaire.<\/p><h2>4. M\u00e9dias<\/h2><p>Si vous \u00eates enregistr\u00e9(e) sur notre site et que vous t\u00e9l\u00e9versez des images, nous vous recommandons d\u2019\u00e9viter de t\u00e9l\u00e9verser des images contenant des donn\u00e9es EXIF de coordonn\u00e9es GPS, car les visiteurs pourraient extraire ces donn\u00e9es.<\/p><h2>5. Formulaires de contact<\/h2><p>Les informations collect\u00e9es via nos formulaires de contact, incluant votre adresse e-mail, pr\u00e9nom, et nom, sont utilis\u00e9es exclusivement pour r\u00e9pondre \u00e0 vos demandes. Nous ne les utiliserons pas \u00e0 d\u2019autres fins sans votre consentement.<\/p><h2>6. Cookies<\/h2><p>Notre site utilise des cookies pour am\u00e9liorer votre exp\u00e9rience de navigation et pour analyser la fr\u00e9quentation de notre site via des outils comme Google Analytics et Pardot. Voici comment nous utilisons les cookies :<\/p><ul><li><strong>Cookies de confort<\/strong> : pour enregistrer vos informations si vous laissez un commentaire, afin de ne pas avoir \u00e0 les ressaisir ult\u00e9rieurement. Ces cookies expirent au bout d\u2019un an.<\/li><li><strong>Cookies de session et de connexion<\/strong> : pour enregistrer vos pr\u00e9f\u00e9rences d\u2019\u00e9cran et vos informations de connexion, avec une dur\u00e9e de vie respective de deux jours et d\u2019un an.<\/li><li><strong>Cookies d\u2019analyses<\/strong> : utilis\u00e9s pour mesurer l\u2019audience du site via Google Analytics et Pardot.<\/li><\/ul><p>Pour en savoir plus ou pour d\u00e9sactiver les cookies, vous pouvez ajuster les param\u00e8tres de votre navigateur ou consulter notre outil CookieYes qui permet de g\u00e9rer vos pr\u00e9f\u00e9rences en mati\u00e8re de cookies.<\/p><h2>7. Contenu embarqu\u00e9 depuis d\u2019autres sites<\/h2><p>Les articles de notre site peuvent inclure des contenus int\u00e9gr\u00e9s (par exemple, des vid\u00e9os, images, etc.). Ce contenu int\u00e9gr\u00e9 se comporte de la m\u00eame mani\u00e8re que si le visiteur se rendait sur le site source, qui pourrait collecter des donn\u00e9es, utiliser des cookies, et inclure un suivi tiers.<\/p><h2>8. Statistiques et mesures d\u2019audience<\/h2><p>Nous utilisons Google Analytics et Pardot pour suivre l\u2019audience de notre site. Ces outils peuvent collecter l\u2019adresse IP des visiteurs, ainsi que les pages consult\u00e9es et le temps pass\u00e9. Le suivi via Pardot n\u00e9cessite votre consentement explicite et s\u2019active uniquement lorsque vous remplissez un formulaire de contact. Plus d\u2019informations sur la politique de confidentialit\u00e9 de Google Analytics sont disponibles <a target=\"_blank\" rel=\"noreferrer noopener\">ici<\/a>, et celle de Pardot est accessible <a id=\"menur205\" class=\"fui-Link ___1q1shib f2hkw1w f3rmtva f1ewtqcl fyind8e f1k6fduh f1w7gpdv fk6fouc fjoy568 figsok6 f1s184ao f1mk8lai fnbmjn9 f1o700av f13mvf36 f1cmlufx f9n3di6 f1ids18y f1tx3yz7 f1deo86v f1eh06m1 f1iescvh fhgqx19 f1olyrje f1p93eir f1nev41a f1h8hb77 f1lqvz6u f10aw75t fsle3fq f17ae5zn\" title=\"ici\" href=\"https:\/\/www.salesforce.com\/company\/legal\/privacy\/\" target=\"_blank\" rel=\"noreferrer noopener\" aria-label=\"Lien ici\">ici<\/a>.<\/p><h2>9. Dur\u00e9e de stockage de vos donn\u00e9es<\/h2><p>Les donn\u00e9es personnelles collect\u00e9es sont conserv\u00e9es aussi longtemps que n\u00e9cessaire pour atteindre les objectifs pour lesquels elles ont \u00e9t\u00e9 collect\u00e9es :<\/p><ul><li><strong>Commentaires<\/strong> : conserv\u00e9s ind\u00e9finiment pour reconna\u00eetre et approuver automatiquement les commentaires suivants.<\/li><li><strong>Formulaires de contact<\/strong> : les donn\u00e9es sont conserv\u00e9es pour la dur\u00e9e n\u00e9cessaire au suivi de votre demande et sont supprim\u00e9es apr\u00e8s un an d&#8217;inactivit\u00e9.<\/li><li><strong>Donn\u00e9es des utilisateurs enregistr\u00e9s<\/strong> : les utilisateurs peuvent voir, modifier ou supprimer leurs informations personnelles \u00e0 tout moment.<\/li><\/ul><h2>10. Vos droits sur vos donn\u00e9es<\/h2><p>Conform\u00e9ment au RGPD et \u00e0 la LPD, vous disposez de plusieurs droits relatifs \u00e0 vos donn\u00e9es personnelles :<\/p><ul><li><strong>Droit d&#8217;acc\u00e8s<\/strong> : recevoir un fichier contenant les donn\u00e9es que nous poss\u00e9dons sur vous.<\/li><li><strong>Droit de rectification<\/strong> : corriger vos donn\u00e9es personnelles.<\/li><li><strong>Droit \u00e0 l\u2019effacement<\/strong> : demander la suppression de vos donn\u00e9es personnelles.<\/li><li><strong>Droit d\u2019opposition et de limitation<\/strong> : restreindre ou vous opposer \u00e0 certains traitements.<\/li><li><strong>Droit \u00e0 la portabilit\u00e9<\/strong> : recevoir vos donn\u00e9es dans un format structur\u00e9.<\/li><\/ul><p>Pour exercer vos droits, envoyez votre demande \u00e0 l\u2019adresse suivante : <a target=\"_blank\" rel=\"noreferrer noopener\">info@onesolutions.ch<\/a><\/p><h2>11. Transmission de vos donn\u00e9es personnelles<\/h2><p>Vos donn\u00e9es personnelles ne sont pas partag\u00e9es avec des tiers \u00e0 des fins commerciales sans votre consentement explicite. Toutefois, les commentaires des visiteurs peuvent \u00eatre v\u00e9rifi\u00e9s \u00e0 l\u2019aide d\u2019un service de d\u00e9tection des commentaires ind\u00e9sirables.<\/p><h2>12. Comment nous prot\u00e9geons vos donn\u00e9es<\/h2><p>Nous appliquons des mesures de s\u00e9curit\u00e9 appropri\u00e9es pour prot\u00e9ger vos donn\u00e9es, incluant:<\/p><ul><li>Certificat SSL pour s\u00e9curiser les transmissions<\/li><li>Utilisation de mots de passe complexes<\/li><li>Formation de nos employ\u00e9s en mati\u00e8re de protection des donn\u00e9es<\/li><\/ul><h2>13. Copyright et utilisation des contenus<\/h2><p>Tout le contenu disponible sur le site onesolutions.io est prot\u00e9g\u00e9 par des droits d&#8217;auteur. La reproduction ou la distribution de tout contenu sans l\u2019autorisation \u00e9crite de OneSolutions est strictement interdite.<\/p><h2>14. Contact<\/h2><p>Pour toute question relative \u00e0 cette politique de confidentialit\u00e9, vous pouvez nous contacter \u00e0 l\u2019adresse suivante : <a target=\"_blank\" rel=\"noreferrer noopener\">info@onesolutions.ch<\/a><\/p><p>Nous utilisons Google reCAPTCHA pour prot\u00e9ger ce site contre le spam et les abus. L&#8217;utilisation de reCAPTCHA est soumise \u00e0 la <a href=\"https:\/\/policies.google.com\/privacy\" target=\"_blank\" rel=\"noopener\">Politique de confidentialit\u00e9<\/a> et aux <a href=\"https:\/\/policies.google.com\/terms\" target=\"_blank\" rel=\"noopener\">Conditions d&#8217;utilisation<\/a> de Google.\u00a0<\/p>\t\t\t\t\t\t\t\t<\/div>\n\t\t\t\t<\/div>\n\t\t\t\t<\/div>\n\t\t\t\t\t<\/div>\n\t\t\t\t<\/div>\n\t\t\t\t<\/div>\n\t\t\t\t<\/div>\n\t\t","protected":false},"excerpt":{"rendered":"<p>Politique de Confidentialit\u00e9 Date of last update: 13\/01\/2025 Bienvenue sur le site de OneSolutions. La protection de vos donn\u00e9es personnelles [&hellip;]<\/p>\n","protected":false},"author":2,"featured_media":0,"parent":0,"menu_order":0,"comment_status":"closed","ping_status":"closed","template":"elementor_header_footer","meta":{"site-sidebar-layout":"no-sidebar","site-content-layout":"","ast-site-content-layout":"full-width-container","site-content-style":"default","site-sidebar-style":"default","ast-global-header-display":"","ast-banner-title-visibility":"","ast-main-header-display":"","ast-hfb-above-header-display":"","ast-hfb-below-header-display":"","ast-hfb-mobile-header-display":"","site-post-title":"disabled","ast-breadcrumbs-content":"","ast-featured-img":"disabled","footer-sml-layout":"","theme-transparent-header-meta":"","adv-header-id-meta":"","stick-header-meta":"","header-above-stick-meta":"","header-main-stick-meta":"","header-below-stick-meta":"","astra-migrate-meta-layouts":"default","ast-page-background-enabled":"default","ast-page-background-meta":{"desktop":{"background-color":"var(--ast-global-color-4)","background-image":"","background-repeat":"repeat","background-position":"center center","background-size":"auto","background-attachment":"scroll","background-type":"","background-media":"","overlay-type":"","overlay-color":"","overlay-opacity":"","overlay-gradient":""},"tablet":{"background-color":"","background-image":"","background-repeat":"repeat","background-position":"center center","background-size":"auto","background-attachment":"scroll","background-type":"","background-media":"","overlay-type":"","overlay-color":"","overlay-opacity":"","overlay-gradient":""},"mobile":{"background-color":"","background-image":"","background-repeat":"repeat","background-position":"center center","background-size":"auto","background-attachment":"scroll","background-type":"","background-media":"","overlay-type":"","overlay-color":"","overlay-opacity":"","overlay-gradient":""}},"ast-content-background-meta":{"desktop":{"background-color":"var(--ast-global-color-5)","background-image":"","background-repeat":"repeat","background-position":"center center","background-size":"auto","background-attachment":"scroll","background-type":"","background-media":"","overlay-type":"","overlay-color":"","overlay-opacity":"","overlay-gradient":""},"tablet":{"background-color":"var(--ast-global-color-5)","background-image":"","background-repeat":"repeat","background-position":"center center","background-size":"auto","background-attachment":"scroll","background-type":"","background-media":"","overlay-type":"","overlay-color":"","overlay-opacity":"","overlay-gradient":""},"mobile":{"background-color":"var(--ast-global-color-5)","background-image":"","background-repeat":"repeat","background-position":"center center","background-size":"auto","background-attachment":"scroll","background-type":"","background-media":"","overlay-type":"","overlay-color":"","overlay-opacity":"","overlay-gradient":""}},"footnotes":""},"class_list":["post-44293","page","type-page","status-publish","hentry"],"acf":[],"yoast_head":"<!-- This site is optimized with the Yoast SEO Premium plugin v26.6 (Yoast SEO v27.5) - https:\/\/yoast.com\/product\/yoast-seo-premium-wordpress\/ -->\n<title>Politique de Confidentialit\u00e9 - OneSolutions<\/title>\n<meta name=\"description\" content=\"Bienvenue sur le site de OneSolutions. La protection de vos donn\u00e9es personnelles est essentielle pour nous, et nous nous engageons \u00e0 les traiter en toute transparence\" \/>\n<meta name=\"robots\" content=\"index, follow, max-snippet:-1, max-image-preview:large, max-video-preview:-1\" \/>\n<link rel=\"canonical\" href=\"https:\/\/onesolutions.io\/fr-ch\/politique-de-confidentialite\/\" \/>\n<meta property=\"og:locale\" content=\"fr_FR\" \/>\n<meta property=\"og:type\" content=\"article\" \/>\n<meta property=\"og:title\" content=\"Politique de Confidentialit\u00e9\" \/>\n<meta property=\"og:description\" content=\"Bienvenue sur le site de OneSolutions. La protection de vos donn\u00e9es personnelles est essentielle pour nous, et nous nous engageons \u00e0 les traiter en toute transparence\" \/>\n<meta property=\"og:url\" content=\"https:\/\/onesolutions.io\/fr-ch\/politique-de-confidentialite\/\" \/>\n<meta property=\"og:site_name\" content=\"OneSolutions\" \/>\n<meta property=\"article:modified_time\" content=\"2025-08-13T07:12:13+00:00\" \/>\n<meta name=\"twitter:card\" content=\"summary_large_image\" \/>\n<meta name=\"twitter:label1\" content=\"Est. reading time\" \/>\n\t<meta name=\"twitter:data1\" content=\"5 minutes\" \/>\n<script type=\"application\/ld+json\" class=\"yoast-schema-graph\">{\"@context\":\"https:\\\/\\\/schema.org\",\"@graph\":[{\"@type\":\"WebPage\",\"@id\":\"https:\\\/\\\/onesolutions.io\\\/fr-ch\\\/politique-de-confidentialite\\\/\",\"url\":\"https:\\\/\\\/onesolutions.io\\\/fr-ch\\\/politique-de-confidentialite\\\/\",\"name\":\"Politique de Confidentialit\u00e9 - OneSolutions\",\"isPartOf\":{\"@id\":\"https:\\\/\\\/onesolutions.io\\\/fr-ch\\\/#website\"},\"datePublished\":\"2024-11-07T15:20:54+00:00\",\"dateModified\":\"2025-08-13T07:12:13+00:00\",\"description\":\"Bienvenue sur le site de OneSolutions. La protection de vos donn\u00e9es personnelles est essentielle pour nous, et nous nous engageons \u00e0 les traiter en toute transparence\",\"breadcrumb\":{\"@id\":\"https:\\\/\\\/onesolutions.io\\\/fr-ch\\\/politique-de-confidentialite\\\/#breadcrumb\"},\"inLanguage\":\"fr-CH\",\"potentialAction\":[{\"@type\":\"ReadAction\",\"target\":[\"https:\\\/\\\/onesolutions.io\\\/fr-ch\\\/politique-de-confidentialite\\\/\"]}]},{\"@type\":\"BreadcrumbList\",\"@id\":\"https:\\\/\\\/onesolutions.io\\\/fr-ch\\\/politique-de-confidentialite\\\/#breadcrumb\",\"itemListElement\":[{\"@type\":\"ListItem\",\"position\":1,\"name\":\"Home\",\"item\":\"https:\\\/\\\/onesolutions.io\\\/fr-ch\\\/\"},{\"@type\":\"ListItem\",\"position\":2,\"name\":\"Politique de Confidentialit\u00e9\"}]},{\"@type\":\"WebSite\",\"@id\":\"https:\\\/\\\/onesolutions.io\\\/fr-ch\\\/#website\",\"url\":\"https:\\\/\\\/onesolutions.io\\\/fr-ch\\\/\",\"name\":\"OneSolutions\",\"description\":\"&gt; We add value\",\"publisher\":{\"@id\":\"https:\\\/\\\/onesolutions.io\\\/fr-ch\\\/#organization\"},\"alternateName\":\"OneSolutions\",\"potentialAction\":[{\"@type\":\"SearchAction\",\"target\":{\"@type\":\"EntryPoint\",\"urlTemplate\":\"https:\\\/\\\/onesolutions.io\\\/fr-ch\\\/?s={search_term_string}\"},\"query-input\":{\"@type\":\"PropertyValueSpecification\",\"valueRequired\":true,\"valueName\":\"search_term_string\"}}],\"inLanguage\":\"fr-CH\"}]}<\/script>\n<!-- \/ Yoast SEO Premium plugin. -->","yoast_head_json":{"title":"Politique de Confidentialit\u00e9 - OneSolutions","description":"Bienvenue sur le site de OneSolutions. La protection de vos donn\u00e9es personnelles est essentielle pour nous, et nous nous engageons \u00e0 les traiter en toute transparence","robots":{"index":"index","follow":"follow","max-snippet":"max-snippet:-1","max-image-preview":"max-image-preview:large","max-video-preview":"max-video-preview:-1"},"canonical":"https:\/\/onesolutions.io\/fr-ch\/politique-de-confidentialite\/","og_locale":"fr_FR","og_type":"article","og_title":"Politique de Confidentialit\u00e9","og_description":"Bienvenue sur le site de OneSolutions. La protection de vos donn\u00e9es personnelles est essentielle pour nous, et nous nous engageons \u00e0 les traiter en toute transparence","og_url":"https:\/\/onesolutions.io\/fr-ch\/politique-de-confidentialite\/","og_site_name":"OneSolutions","article_modified_time":"2025-08-13T07:12:13+00:00","twitter_card":"summary_large_image","twitter_misc":{"Est. reading time":"5 minutes"},"schema":{"@context":"https:\/\/schema.org","@graph":[{"@type":"WebPage","@id":"https:\/\/onesolutions.io\/fr-ch\/politique-de-confidentialite\/","url":"https:\/\/onesolutions.io\/fr-ch\/politique-de-confidentialite\/","name":"Politique de Confidentialit\u00e9 - OneSolutions","isPartOf":{"@id":"https:\/\/onesolutions.io\/fr-ch\/#website"},"datePublished":"2024-11-07T15:20:54+00:00","dateModified":"2025-08-13T07:12:13+00:00","description":"Bienvenue sur le site de OneSolutions. La protection de vos donn\u00e9es personnelles est essentielle pour nous, et nous nous engageons \u00e0 les traiter en toute transparence","breadcrumb":{"@id":"https:\/\/onesolutions.io\/fr-ch\/politique-de-confidentialite\/#breadcrumb"},"inLanguage":"fr-CH","potentialAction":[{"@type":"ReadAction","target":["https:\/\/onesolutions.io\/fr-ch\/politique-de-confidentialite\/"]}]},{"@type":"BreadcrumbList","@id":"https:\/\/onesolutions.io\/fr-ch\/politique-de-confidentialite\/#breadcrumb","itemListElement":[{"@type":"ListItem","position":1,"name":"Home","item":"https:\/\/onesolutions.io\/fr-ch\/"},{"@type":"ListItem","position":2,"name":"Politique de Confidentialit\u00e9"}]},{"@type":"WebSite","@id":"https:\/\/onesolutions.io\/fr-ch\/#website","url":"https:\/\/onesolutions.io\/fr-ch\/","name":"OneSolutions","description":"&gt; We add value","publisher":{"@id":"https:\/\/onesolutions.io\/fr-ch\/#organization"},"alternateName":"OneSolutions","potentialAction":[{"@type":"SearchAction","target":{"@type":"EntryPoint","urlTemplate":"https:\/\/onesolutions.io\/fr-ch\/?s={search_term_string}"},"query-input":{"@type":"PropertyValueSpecification","valueRequired":true,"valueName":"search_term_string"}}],"inLanguage":"fr-CH"}]}},"_links":{"self":[{"href":"https:\/\/onesolutions.io\/fr-ch\/wp-json\/wp\/v2\/pages\/44293","targetHints":{"allow":["GET"]}}],"collection":[{"href":"https:\/\/onesolutions.io\/fr-ch\/wp-json\/wp\/v2\/pages"}],"about":[{"href":"https:\/\/onesolutions.io\/fr-ch\/wp-json\/wp\/v2\/types\/page"}],"author":[{"embeddable":true,"href":"https:\/\/onesolutions.io\/fr-ch\/wp-json\/wp\/v2\/users\/2"}],"replies":[{"embeddable":true,"href":"https:\/\/onesolutions.io\/fr-ch\/wp-json\/wp\/v2\/comments?post=44293"}],"version-history":[{"count":21,"href":"https:\/\/onesolutions.io\/fr-ch\/wp-json\/wp\/v2\/pages\/44293\/revisions"}],"predecessor-version":[{"id":82937,"href":"https:\/\/onesolutions.io\/fr-ch\/wp-json\/wp\/v2\/pages\/44293\/revisions\/82937"}],"wp:attachment":[{"href":"https:\/\/onesolutions.io\/fr-ch\/wp-json\/wp\/v2\/media?parent=44293"}],"curies":[{"name":"wp","href":"https:\/\/api.w.org\/{rel}","templated":true}]}}